{"id":5,"date":"2021-05-11T20:43:25","date_gmt":"2021-05-11T20:43:25","guid":{"rendered":"https:\/\/plakasor.timinci.com\/?page_id=5"},"modified":"2021-05-13T23:19:48","modified_gmt":"2021-05-13T20:19:48","slug":"anasayfa","status":"publish","type":"page","link":"https:\/\/plakasor.timinci.com\/","title":{"rendered":"Anasayfa"},"content":{"rendered":"<p>L\u00fctfen sorgulamak istedi\u011finiz ara\u00e7 plakas\u0131n\u0131 &#8220;Plaka&#8221; arama hanesine yaz\u0131n\u0131z. Arama yapt\u0131\u011f\u0131n\u0131z ara\u00e7 plakas\u0131 listede var ise ileti\u015fim numaram\u0131zdan bizimle irtibat kurabilirsiniz.<\/p>\n\n<div class=\"wpdt-c wdt-skin-graphite\">\n    \n\n    <div class=\"wpDataTables wpDataTablesFilter wpDataTablesWrapper wdt-skin-graphite data-t wdt-hide-table-before-filtering-container\"\n         data-wpdatatable_id=\"4\">\n        <div id=\"filterBox_table_1\" class=\"wpDataTableFilterBox\">\n                                                <div class=\"wpDataTableFilterSection\" id=\"table_1_0_filter_sections\">\n                        <label>plaka:<\/label>\n                        <div id=\"table_1_0_filter\"><\/div>\n                    <\/div>\n                                                                                                                                    <\/div>\n    <\/div>\n<input type=\"hidden\" id=\"wdtNonceFrontendEdit_4\" name=\"wdtNonceFrontendEdit_4\" value=\"3544e8cbf8\" \/><input type=\"hidden\" name=\"_wp_http_referer\" value=\"\/index.php?rest_route=%2Fwp%2Fv2%2Fpages%2F5\" \/>    <input type=\"hidden\" id=\"table_1_desc\" value='{\"tableId\":\"table_1\",\"tableType\":\"mysql\",\"selector\":\"#table_1\",\"responsive\":true,\"editable\":false,\"inlineEditing\":false,\"infoBlock\":false,\"pagination\":0,\"paginationAlign\":\"right\",\"paginationLayout\":\"full_numbers\",\"tableSkin\":\"graphite\",\"globalSearch\":false,\"showRowsPerPage\":false,\"popoverTools\":false,\"hideBeforeLoad\":true,\"number_format\":1,\"decimalPlaces\":2,\"spinnerSrc\":\"https:\\\/\\\/plakasor.timinci.com\\\/wp-content\\\/plugins\\\/wpdatatables\\\/assets\\\/\\\/img\\\/spinner.gif\",\"groupingEnabled\":false,\"tableWpId\":\"4\",\"dataTableParams\":{\"sDom\":\"BT\\u003C\\u0027clear\\u0027\\u003Et\",\"bSortCellsTop\":false,\"bFilter\":true,\"aLengthMenu\":[[1,5,10,25,50,100,-1],[1,5,10,25,50,100,\"All\"]],\"iDisplayLength\":1,\"columnDefs\":[{\"sType\":\"string\",\"wdtType\":\"string\",\"bVisible\":true,\"orderable\":true,\"searchable\":true,\"InputType\":\"none\",\"name\":\"plaka\",\"origHeader\":\"plaka\",\"notNull\":false,\"conditionalFormattingRules\":[],\"className\":\" column-plaka\",\"aTargets\":[0]},{\"sType\":\"string\",\"wdtType\":\"string\",\"bVisible\":true,\"orderable\":true,\"searchable\":true,\"InputType\":\"none\",\"name\":\"marka\",\"origHeader\":\"marka\",\"notNull\":false,\"conditionalFormattingRules\":[],\"className\":\" column-marka\",\"aTargets\":[1]},{\"sType\":\"string\",\"wdtType\":\"string\",\"bVisible\":true,\"orderable\":true,\"searchable\":true,\"InputType\":\"none\",\"name\":\"dosya\",\"origHeader\":\"dosya\",\"notNull\":false,\"conditionalFormattingRules\":[],\"className\":\" column-dosya\",\"aTargets\":[2]},{\"sType\":\"formatted-num\",\"wdtType\":\"int\",\"bVisible\":true,\"orderable\":true,\"searchable\":true,\"InputType\":\"none\",\"name\":\"tel\",\"origHeader\":\"tel\",\"notNull\":false,\"conditionalFormattingRules\":[],\"className\":\"numdata integer  column-tel\",\"aTargets\":[3]}],\"bAutoWidth\":false,\"order\":[[0,\"asc\"]],\"ordering\":false,\"oLanguage\":{\"sProcessing\":\"\\u0130\\u015fleniyor...\",\"sLengthMenu\":\"Sayfada _MENU_ Kay\\u0131t G\\u00f6ster\",\"sZeroRecords\":\"E\\u015fle\\u015fen Kay\\u0131t Bulunmad\\u0131\",\"sInfo\":\"  _TOTAL_ Kay\\u0131ttan _START_ - _END_ Aras\\u0131 Kay\\u0131tlar\",\"sInfoEmpty\":\"Kay\\u0131t Yok\",\"sInfoFiltered\":\"( _MAX_ Kay\\u0131t \\u0130\\u00e7erisinden Bulunan)\",\"sInfoPostFix\":\"\",\"sSearch\":\"Bul:\",\"sSearchPlaceholder\":\"\",\"sUrl\":\"\",\"oPaginate\":{\"sFirst\":\"\\u0130lk\",\"sPrevious\":\"\\u00d6nceki\",\"sNext\":\"Sonraki\",\"sLast\":\"Son\"}},\"buttons\":[],\"bProcessing\":false,\"serverSide\":true,\"ajax\":{\"url\":\"https:\\\/\\\/plakasor.timinci.com\\\/wp-admin\\\/admin-ajax.php?action=get_wdtable&table_id=4\",\"type\":\"POST\"},\"oSearch\":{\"bSmart\":false,\"bRegex\":false,\"sSearch\":\"\"}},\"tabletWidth\":\"1024\",\"mobileWidth\":\"480\",\"advancedFilterEnabled\":true,\"advancedFilterOptions\":{\"aoColumns\":[{\"type\":\"text\",\"columnType\":\"string\",\"numberOfDecimalPlaces\":\"2\",\"possibleValuesType\":\"read\",\"globalSearchColumn\":1,\"values\":null,\"origHeader\":\"plaka\",\"displayHeader\":\"plaka\",\"possibleValuesAddEmpty\":false,\"possibleValuesAjax\":10,\"defaultValue\":\"\",\"exactFiltering\":1,\"filterLabel\":\"\",\"checkboxesInModal\":0,\"linkButtonLabel\":\"\",\"rangeSlider\":false,\"sSelector\":\"#table_1_0_filter\"},{\"type\":\"null\",\"columnType\":\"string\",\"numberOfDecimalPlaces\":\"2\",\"possibleValuesType\":\"read\",\"globalSearchColumn\":1,\"values\":null,\"origHeader\":\"marka\",\"displayHeader\":\"marka\",\"possibleValuesAddEmpty\":false,\"possibleValuesAjax\":10,\"defaultValue\":\"\",\"exactFiltering\":false,\"filterLabel\":\"\",\"checkboxesInModal\":0,\"linkButtonLabel\":\"\",\"rangeSlider\":false,\"sSelector\":\"#table_1_1_filter\"},{\"type\":\"null\",\"columnType\":\"string\",\"numberOfDecimalPlaces\":\"2\",\"possibleValuesType\":\"read\",\"globalSearchColumn\":1,\"values\":null,\"origHeader\":\"dosya\",\"displayHeader\":\"dosya\",\"possibleValuesAddEmpty\":false,\"possibleValuesAjax\":10,\"defaultValue\":\"\",\"exactFiltering\":false,\"filterLabel\":\"\",\"checkboxesInModal\":0,\"linkButtonLabel\":\"\",\"rangeSlider\":false,\"sSelector\":\"#table_1_2_filter\"},{\"type\":\"null\",\"columnType\":\"int\",\"numberOfDecimalPlaces\":\"2\",\"possibleValuesType\":\"read\",\"globalSearchColumn\":1,\"values\":null,\"origHeader\":\"tel\",\"displayHeader\":\"tel\",\"possibleValuesAddEmpty\":false,\"possibleValuesAjax\":-1,\"defaultValue\":\"\",\"exactFiltering\":false,\"filterLabel\":\"\",\"checkboxesInModal\":0,\"linkButtonLabel\":\"\",\"rangeSlider\":false,\"sSelector\":\"#table_1_3_filter\"}],\"bUseColVis\":true},\"filterInForm\":true,\"serverSide\":true,\"autoRefreshInterval\":0,\"processing\":true,\"fnServerData\":true,\"columnsFixed\":0,\"sumFunctionsLabel\":\"\",\"avgFunctionsLabel\":\"\",\"minFunctionsLabel\":\"\",\"maxFunctionsLabel\":\"Oetmnc\",\"columnsDecimalPlaces\":{\"plaka\":-1,\"marka\":-1,\"dosya\":-1,\"tel\":-1},\"columnsThousandsSeparator\":{\"tel\":0},\"sumColumns\":[],\"avgColumns\":[],\"sumAvgColumns\":[],\"timeFormat\":\"h:i A\",\"datepickFormat\":\"dd\\\/mm\\\/yy\",\"cascadeFiltering\":0,\"cascadeFilteringLogic\":\"\",\"hideTableBeforeFiltering\":1,\"showSearchFiltersButton\":0,\"disableSearchFiltersButton\":0}'\/>\n\n    <table id=\"table_1\"\n           class=\" responsive display nowrap data-t data-t wdt-hide-table-before-filtering-container wpDataTable wpDataTableID-4\"\n           style=\"display: none; \"\n           data-described-by='table_1_desc'\n           data-wpdatatable_id=\"4\">\n\n        <!-- Table header -->\n        \n<thead>\n<tr>\n                    <th\n        data-class=\"expand\"                class=\" wdtheader sort \"\n        style=\"\">plaka<\/th>        <th\n                        class=\" wdtheader sort \"\n        style=\"\">marka<\/th>        <th\n                        class=\" wdtheader sort \"\n        style=\"\">dosya<\/th>        <th\n                        class=\" wdtheader sort numdata integer \"\n        style=\"\">tel<\/th>    <\/tr>\n<\/thead>\n        <!-- \/Table header -->\n\n        <!-- Table body -->\n        \n<tbody>\n            <tr id=\"table_4_row_0\">\n                            <td style=\"\">35CNL51<\/td>\n                            <td style=\"\">AUDI<\/td>\n                            <td style=\"\">ONUR AK\u00c7A<\/td>\n                            <td style=\"\">5548170000<\/td>\n                    <\/tr>\n                <tr id=\"table_4_row_1\">\n                            <td style=\"\">35AY5206<\/td>\n                            <td style=\"\">BASHAN<\/td>\n                            <td style=\"\">ONUR AK\u00c7A<\/td>\n                            <td style=\"\">5548170000<\/td>\n                    <\/tr>\n                <tr id=\"table_4_row_2\">\n                            <td style=\"\">34JY2031<\/td>\n                            <td style=\"\">BMC<\/td>\n                            <td style=\"\">ONUR AK\u00c7A<\/td>\n                            <td style=\"\">5548170000<\/td>\n                    <\/tr>\n                <tr id=\"table_4_row_3\">\n                            <td style=\"\">35MEM28<\/td>\n                            <td style=\"\">BMC<\/td>\n                            <td style=\"\">ONUR AK\u00c7A<\/td>\n                            <td style=\"\">5548170000<\/td>\n                    <\/tr>\n                <tr id=\"table_4_row_4\">\n                            <td style=\"\">35SAZ69<\/td>\n                            <td style=\"\">BMC<\/td>\n                            <td style=\"\">ONUR AK\u00c7A<\/td>\n                            <td style=\"\">5548170000<\/td>\n                    <\/tr>\n                <tr id=\"table_4_row_5\">\n                            <td style=\"\">35HSY98<\/td>\n                            <td style=\"\">BMW<\/td>\n                            <td style=\"\">ONUR AK\u00c7A<\/td>\n                            <td style=\"\">5548170000<\/td>\n                    <\/tr>\n                <tr id=\"table_4_row_6\">\n                            <td style=\"\">35AEC291<\/td>\n                            <td style=\"\">BMW<\/td>\n                            <td style=\"\">ONUR AK\u00c7A<\/td>\n                            <td style=\"\">5548170000<\/td>\n                    <\/tr>\n                <tr id=\"table_4_row_7\">\n                            <td style=\"\">35ABS06<\/td>\n                            <td style=\"\">BMW<\/td>\n                            <td style=\"\">ONUR AK\u00c7A<\/td>\n                            <td style=\"\">5548170000<\/td>\n                    <\/tr>\n                <tr id=\"table_4_row_8\">\n                            <td style=\"\">35HRN28<\/td>\n                            <td style=\"\">BMW<\/td>\n                            <td style=\"\">ONUR AK\u00c7A<\/td>\n                            <td style=\"\">5548170000<\/td>\n                    <\/tr>\n                <tr id=\"table_4_row_9\">\n                            <td style=\"\">09L5449<\/td>\n                            <td style=\"\">BMW<\/td>\n                            <td style=\"\">ONUR AK\u00c7A<\/td>\n                            <td style=\"\">5548170000<\/td>\n                    <\/tr>\n    <\/tbody>        <!-- \/Table body -->\n\n        <!-- Table footer -->\n        \n    <tfoot>\n                <tr style=\"display: none\">\n                            <td\n                class=\"wdtheader sort \"\n                style=\"\">plaka<\/td>                <td\n                class=\"wdtheader sort \"\n                style=\"\"><\/td>                <td\n                class=\"wdtheader sort \"\n                style=\"\"><\/td>                <td\n                class=\"wdtheader sort numdata integer \"\n                style=\"\"><\/td>        <\/tr>\n                            <\/tfoot>\n        <!-- \/Table footer -->\n\n    <\/table>\n\n<\/div><style>\ntable.wpDataTable td.numdata { text-align: right !important; }\n<\/style>\n<style>\n<\/style>\n\n","protected":false},"excerpt":{"rendered":"<p>L\u00fctfen sorgulamak istedi\u011finiz ara\u00e7 plakas\u0131n\u0131 &#8220;Plaka&#8221; arama hanesine yaz\u0131n\u0131z. Arama yapt\u0131\u011f\u0131n\u0131z ara\u00e7 plakas\u0131 listede var ise ileti\u015fim numaram\u0131zdan bizimle irtibat kurabilirsiniz.<\/p>\n","protected":false},"author":1,"featured_media":0,"parent":0,"menu_order":0,"comment_status":"closed","ping_status":"closed","template":"","meta":[],"_links":{"self":[{"href":"https:\/\/plakasor.timinci.com\/index.php?rest_route=\/wp\/v2\/pages\/5"}],"collection":[{"href":"https:\/\/plakasor.timinci.com\/index.php?rest_route=\/wp\/v2\/pages"}],"about":[{"href":"https:\/\/plakasor.timinci.com\/index.php?rest_route=\/wp\/v2\/types\/page"}],"author":[{"embeddable":true,"href":"https:\/\/plakasor.timinci.com\/index.php?rest_route=\/wp\/v2\/users\/1"}],"replies":[{"embeddable":true,"href":"https:\/\/plakasor.timinci.com\/index.php?rest_route=%2Fwp%2Fv2%2Fcomments&post=5"}],"version-history":[{"count":3,"href":"https:\/\/plakasor.timinci.com\/index.php?rest_route=\/wp\/v2\/pages\/5\/revisions"}],"predecessor-version":[{"id":9,"href":"https:\/\/plakasor.timinci.com\/index.php?rest_route=\/wp\/v2\/pages\/5\/revisions\/9"}],"wp:attachment":[{"href":"https:\/\/plakasor.timinci.com\/index.php?rest_route=%2Fwp%2Fv2%2Fmedia&parent=5"}],"curies":[{"name":"wp","href":"https:\/\/api.w.org\/{rel}","templated":true}]}}